
{"id":2039,"date":"2025-10-15T14:49:27","date_gmt":"2025-10-15T07:49:27","guid":{"rendered":"https:\/\/svlight.webcanhcam.vn\/product\/den-spotlight-svc-761a-14\/"},"modified":"2025-11-25T09:42:00","modified_gmt":"2025-11-25T02:42:00","slug":"den-spotlight-svc-761a-14","status":"publish","type":"product","link":"https:\/\/svlight.webcanhcam.vn\/en\/product\/den-spotlight-svc-761a-14\/","title":{"rendered":"Spotlight SVC-761A"},"content":{"rendered":"<p>S\u1ea3n ph\u1ea9m g\u1ed3m b\u00f3ng module v\u00e0 ch\u00f3a \u0111\u00e8n c\u00f3 th\u1ec3 k\u1ebft h\u1ee3p linh ho\u1ea1t, \u0111\u00e1p \u1ee9ng \u0111a d\u1ea1ng nhu c\u1ea7u chi\u1ebfu s\u00e1ng. V\u1edbi hi\u1ec7u su\u1ea5t cao, CRI 97, SDCM &lt;3, URG &lt;16, \u0111\u00e8n mang \u0111\u1ebfn ngu\u1ed3n s\u00e1ng trung th\u1ef1c, \u1ed5n \u0111\u1ecbnh v\u00e0 b\u1ec1n b\u1ec9. Thi\u1ebft k\u1ebf c\u1ea5u tr\u00fac nh\u1ecf g\u1ecdn, ch\u1ebf t\u1ea1o t\u1eeb v\u1eadt li\u1ec7u cao c\u1ea5p, \u0111\u1ea3m b\u1ea3o \u0111\u1ed9 b\u1ec1n v\u00e0 gi\u1eef \u0111\u01b0\u1ee3c t\u00ednh th\u1ea9m m\u1ef9 b\u1ec1n b\u1ec9.<\/p>\n<p>Phi\u00ean b\u1ea3n ch\u00f3a vi\u1ec1n m\u1ecfng c\u00f9ng nhi\u1ec1u l\u1ef1a ch\u1ecdn m\u00e0u s\u1eafc gi\u00fap che khuy\u1ebft \u0111i\u1ec3m tr\u00ean tr\u1ea7n th\u1ea1ch cao, t\u1ea1o n\u00ean kh\u00f4ng gian hi\u1ec7n \u0111\u1ea1i v\u00e0 tinh t\u1ebf.<\/p>\n<p>B\u1ea3o h\u00e0nh 3 n\u0103m theo ti\u00eau chu\u1ea9n nh\u00e0 s\u1ea3n xu\u1ea5t<\/p>\n","protected":false},"excerpt":{"rendered":"<p>Spotlight \u00e2m tr\u1ea7n<\/p>\n","protected":false},"featured_media":1056,"comment_status":"open","ping_status":"closed","template":"","meta":{"_acf_changed":false},"product_brand":[],"product_cat":[261,262,259,264,266,267,268,270,272,274,275,276,277,278,279,280],"product_tag":[],"class_list":{"0":"post-2039","1":"product","2":"type-product","3":"status-publish","4":"has-post-thumbnail","6":"product_cat-indoor","7":"product_cat-recessed-downlights","8":"product_cat-products","9":"product_cat-track-lights","10":"product_cat-magnetic-track-lights","11":"product_cat-moisture-proof-fire-resistant-lights","12":"product_cat-surface-mounted-lights","13":"product_cat-bedside-reading-lights","14":"product_cat-strip-led","15":"product_cat-led-neon","16":"product_cat-interior-lights","17":"product_cat-linear-lights","18":"product_cat-pendant-lights","19":"product_cat-panel-lights","20":"product_cat-tube-led","21":"product_cat-led-high-bay","22":"pa_mau-sac-den","23":"pa_mau-sac-trang","25":"first","26":"instock","27":"shipping-taxable","28":"purchasable","29":"product-type-simple"},"acf":[],"_links":{"self":[{"href":"https:\/\/svlight.webcanhcam.vn\/en\/wp-json\/wp\/v2\/product\/2039","targetHints":{"allow":["GET"]}}],"collection":[{"href":"https:\/\/svlight.webcanhcam.vn\/en\/wp-json\/wp\/v2\/product"}],"about":[{"href":"https:\/\/svlight.webcanhcam.vn\/en\/wp-json\/wp\/v2\/types\/product"}],"replies":[{"embeddable":true,"href":"https:\/\/svlight.webcanhcam.vn\/en\/wp-json\/wp\/v2\/comments?post=2039"}],"wp:featuredmedia":[{"embeddable":true,"href":"https:\/\/svlight.webcanhcam.vn\/en\/wp-json\/wp\/v2\/media\/1056"}],"wp:attachment":[{"href":"https:\/\/svlight.webcanhcam.vn\/en\/wp-json\/wp\/v2\/media?parent=2039"}],"wp:term":[{"taxonomy":"product_brand","embeddable":true,"href":"https:\/\/svlight.webcanhcam.vn\/en\/wp-json\/wp\/v2\/product_brand?post=2039"},{"taxonomy":"product_cat","embeddable":true,"href":"https:\/\/svlight.webcanhcam.vn\/en\/wp-json\/wp\/v2\/product_cat?post=2039"},{"taxonomy":"product_tag","embeddable":true,"href":"https:\/\/svlight.webcanhcam.vn\/en\/wp-json\/wp\/v2\/product_tag?post=2039"}],"curies":[{"name":"wp","href":"https:\/\/api.w.org\/{rel}","templated":true}]}}